{"id":146,"date":"2020-12-09T19:02:07","date_gmt":"2020-12-09T19:02:07","guid":{"rendered":"https:\/\/stop-humantrafficking.com\/?page_id=146"},"modified":"2022-09-12T18:08:42","modified_gmt":"2022-09-12T18:08:42","slug":"about-us-2","status":"publish","type":"page","link":"https:\/\/stop-humantrafficking.com\/es\/","title":{"rendered":"Sobre nosotros"},"content":{"rendered":"<p>The South Texas Officers and Prosecutors (STOP) Task Force Against Human Trafficking is a multi-agency collaboration with the San Antonio Police Department (SAPD) serving as the lead law enforcement agency and BCFS Health and Human Services Human Trafficking Interdiction (HTI) serving as the lead victim services agency. Tasked with increasing community identification of all forms of human trafficking, STOP will enhance all area partners\u2019 capacity to effectively serve survivors. The program is funded by a federal Department of Justice grant under the Office for Victims of Crime and the Bureau of Justice Assistance.<\/p>\n\n\n\n<p>STOP tiene el objetivo adicional de aumentar los arrestos, enjuiciamientos y condenas de delincuentes y llevar\u00e1 a cabo entrenamientos para las fuerzas del orden, los proveedores de servicios para v\u00edctimas y la comunidad local para aumentar la educaci\u00f3n, la conciencia y la identificaci\u00f3n de todas las formas de la trata de personas. Estas formas incluyen la trata de adultos y ni\u00f1os con los fines de la explotaci\u00f3n sexual y laboral.<\/p>\n\n\n\n<p>El \u00e1rea jurisdiccional de STOP es la regi\u00f3n de 12 condados del Consejo de Gobiernos del \u00c1rea de Alamo, que incluye los condados de Atascosa, Bandera, Bexar, Comal, Frio, Gillespie, Guadalupe, Karnes, Kendall, Kerr, Medina y Wilson. El \u00e1rea incluye San Antonio, la s\u00e9ptima ciudad m\u00e1s grande de los Estados Unidos, una amplia diversidad de comunidades rurales, suburbanas, agr\u00edcolas y militares con \u00e1reas de gran pobreza y riqueza significativa.&nbsp;<\/p>\n\n\n<p><script src=\"https:\/\/cdn01.basis.net\/assets\/up.js?um=1\"><\/script><br>\n<script type=\"text\/javascript\"><br \/>\n\tcntrUpTag.track('cntrData', '4f3d39de00ad6833');<br \/>\n<\/script><\/p>","protected":false},"excerpt":{"rendered":"<p>The South Texas Officers and Prosecutors (STOP) Task Force Against Human Trafficking is a multi-agency collaboration with the San Antonio Police Department (SAPD) serving as the lead law enforcement agency and BCFS Health and Human Services Human Trafficking Interdiction (HTI) serving as the lead victim services agency. Tasked with increasing community identification of all forms of human trafficking, STOP will enhance all area partners\u2019 capacity [&hellip;]<\/p>\n","protected":false},"author":1,"featured_media":0,"parent":0,"menu_order":0,"comment_status":"closed","ping_status":"closed","template":"","meta":{"footnotes":""},"class_list":["post-146","page","type-page","status-publish","hentry"],"yoast_head":"<!-- This site is optimized with the Yoast SEO plugin v27.4 - https:\/\/yoast.com\/product\/yoast-seo-wordpress\/ -->\n<title>About Us - STOP Human Trafficking<\/title>\n<meta name=\"robots\" content=\"index, follow, max-snippet:-1, max-image-preview:large, max-video-preview:-1\" \/>\n<link rel=\"canonical\" href=\"https:\/\/stop-humantrafficking.com\/es\/\" \/>\n<meta property=\"og:locale\" content=\"es_MX\" \/>\n<meta property=\"og:type\" content=\"article\" \/>\n<meta property=\"og:title\" content=\"About Us - STOP Human Trafficking\" \/>\n<meta property=\"og:description\" content=\"The South Texas Officers and Prosecutors (STOP) Task Force Against Human Trafficking is a multi-agency collaboration with the San Antonio Police Department (SAPD) serving as the lead law enforcement agency and BCFS Health and Human Services Human Trafficking Interdiction (HTI) serving as the lead victim services agency. Tasked with increasing community identification of all forms of human trafficking, STOP will enhance all area partners\u2019 capacity [&hellip;]\" \/>\n<meta property=\"og:url\" content=\"https:\/\/stop-humantrafficking.com\/es\/\" \/>\n<meta property=\"og:site_name\" content=\"STOP Human Trafficking\" \/>\n<meta property=\"article:modified_time\" content=\"2022-09-12T18:08:42+00:00\" \/>\n<meta name=\"twitter:card\" content=\"summary_large_image\" \/>\n<script type=\"application\/ld+json\" class=\"yoast-schema-graph\">{\"@context\":\"https:\\\/\\\/schema.org\",\"@graph\":[{\"@type\":\"WebPage\",\"@id\":\"https:\\\/\\\/stop-humantrafficking.com\\\/\",\"url\":\"https:\\\/\\\/stop-humantrafficking.com\\\/\",\"name\":\"About Us - STOP Human Trafficking\",\"isPartOf\":{\"@id\":\"https:\\\/\\\/stop-humantrafficking.com\\\/#website\"},\"datePublished\":\"2020-12-09T19:02:07+00:00\",\"dateModified\":\"2022-09-12T18:08:42+00:00\",\"breadcrumb\":{\"@id\":\"https:\\\/\\\/stop-humantrafficking.com\\\/#breadcrumb\"},\"inLanguage\":\"es\",\"potentialAction\":[{\"@type\":\"ReadAction\",\"target\":[\"https:\\\/\\\/stop-humantrafficking.com\\\/\"]}]},{\"@type\":\"BreadcrumbList\",\"@id\":\"https:\\\/\\\/stop-humantrafficking.com\\\/#breadcrumb\",\"itemListElement\":[{\"@type\":\"ListItem\",\"position\":1,\"name\":\"Home\",\"item\":\"https:\\\/\\\/stop-humantrafficking.com\\\/\"},{\"@type\":\"ListItem\",\"position\":2,\"name\":\"About Us\"}]},{\"@type\":\"WebSite\",\"@id\":\"https:\\\/\\\/stop-humantrafficking.com\\\/#website\",\"url\":\"https:\\\/\\\/stop-humantrafficking.com\\\/\",\"name\":\"STOP Human Trafficking\",\"description\":\"Look beneath the surface. The victim of trafficking may look like many of the people you see each day.\",\"publisher\":{\"@id\":\"https:\\\/\\\/stop-humantrafficking.com\\\/#organization\"},\"potentialAction\":[{\"@type\":\"SearchAction\",\"target\":{\"@type\":\"EntryPoint\",\"urlTemplate\":\"https:\\\/\\\/stop-humantrafficking.com\\\/?s={search_term_string}\"},\"query-input\":{\"@type\":\"PropertyValueSpecification\",\"valueRequired\":true,\"valueName\":\"search_term_string\"}}],\"inLanguage\":\"es\"},{\"@type\":\"Organization\",\"@id\":\"https:\\\/\\\/stop-humantrafficking.com\\\/#organization\",\"name\":\"STOP Human Trafficking\",\"url\":\"https:\\\/\\\/stop-humantrafficking.com\\\/\",\"logo\":{\"@type\":\"ImageObject\",\"inLanguage\":\"es\",\"@id\":\"https:\\\/\\\/stop-humantrafficking.com\\\/#\\\/schema\\\/logo\\\/image\\\/\",\"url\":\"https:\\\/\\\/stop-humantrafficking.com\\\/wp-content\\\/uploads\\\/2020\\\/12\\\/STOP-logo-01.png\",\"contentUrl\":\"https:\\\/\\\/stop-humantrafficking.com\\\/wp-content\\\/uploads\\\/2020\\\/12\\\/STOP-logo-01.png\",\"width\":533,\"height\":278,\"caption\":\"STOP Human Trafficking\"},\"image\":{\"@id\":\"https:\\\/\\\/stop-humantrafficking.com\\\/#\\\/schema\\\/logo\\\/image\\\/\"}}]}<\/script>\n<!-- \/ Yoast SEO plugin. -->","yoast_head_json":{"title":"About Us - STOP Human Trafficking","robots":{"index":"index","follow":"follow","max-snippet":"max-snippet:-1","max-image-preview":"max-image-preview:large","max-video-preview":"max-video-preview:-1"},"canonical":"https:\/\/stop-humantrafficking.com\/es\/","og_locale":"es_MX","og_type":"article","og_title":"About Us - STOP Human Trafficking","og_description":"The South Texas Officers and Prosecutors (STOP) Task Force Against Human Trafficking is a multi-agency collaboration with the San Antonio Police Department (SAPD) serving as the lead law enforcement agency and BCFS Health and Human Services Human Trafficking Interdiction (HTI) serving as the lead victim services agency. Tasked with increasing community identification of all forms of human trafficking, STOP will enhance all area partners\u2019 capacity [&hellip;]","og_url":"https:\/\/stop-humantrafficking.com\/es\/","og_site_name":"STOP Human Trafficking","article_modified_time":"2022-09-12T18:08:42+00:00","twitter_card":"summary_large_image","schema":{"@context":"https:\/\/schema.org","@graph":[{"@type":"WebPage","@id":"https:\/\/stop-humantrafficking.com\/","url":"https:\/\/stop-humantrafficking.com\/","name":"About Us - STOP Human Trafficking","isPartOf":{"@id":"https:\/\/stop-humantrafficking.com\/#website"},"datePublished":"2020-12-09T19:02:07+00:00","dateModified":"2022-09-12T18:08:42+00:00","breadcrumb":{"@id":"https:\/\/stop-humantrafficking.com\/#breadcrumb"},"inLanguage":"es","potentialAction":[{"@type":"ReadAction","target":["https:\/\/stop-humantrafficking.com\/"]}]},{"@type":"BreadcrumbList","@id":"https:\/\/stop-humantrafficking.com\/#breadcrumb","itemListElement":[{"@type":"ListItem","position":1,"name":"Home","item":"https:\/\/stop-humantrafficking.com\/"},{"@type":"ListItem","position":2,"name":"About Us"}]},{"@type":"WebSite","@id":"https:\/\/stop-humantrafficking.com\/#website","url":"https:\/\/stop-humantrafficking.com\/","name":"ALTO a la trata de personas","description":"Mira debajo de la superficie. La v\u00edctima de la trata puede parecerse a muchas de las personas que vez cada d\u00eda.","publisher":{"@id":"https:\/\/stop-humantrafficking.com\/#organization"},"potentialAction":[{"@type":"SearchAction","target":{"@type":"EntryPoint","urlTemplate":"https:\/\/stop-humantrafficking.com\/?s={search_term_string}"},"query-input":{"@type":"PropertyValueSpecification","valueRequired":true,"valueName":"search_term_string"}}],"inLanguage":"es"},{"@type":"Organization","@id":"https:\/\/stop-humantrafficking.com\/#organization","name":"ALTO a la trata de personas","url":"https:\/\/stop-humantrafficking.com\/","logo":{"@type":"ImageObject","inLanguage":"es","@id":"https:\/\/stop-humantrafficking.com\/#\/schema\/logo\/image\/","url":"https:\/\/stop-humantrafficking.com\/wp-content\/uploads\/2020\/12\/STOP-logo-01.png","contentUrl":"https:\/\/stop-humantrafficking.com\/wp-content\/uploads\/2020\/12\/STOP-logo-01.png","width":533,"height":278,"caption":"STOP Human Trafficking"},"image":{"@id":"https:\/\/stop-humantrafficking.com\/#\/schema\/logo\/image\/"}}]}},"_links":{"self":[{"href":"https:\/\/stop-humantrafficking.com\/es\/wp-json\/wp\/v2\/pages\/146","targetHints":{"allow":["GET"]}}],"collection":[{"href":"https:\/\/stop-humantrafficking.com\/es\/wp-json\/wp\/v2\/pages"}],"about":[{"href":"https:\/\/stop-humantrafficking.com\/es\/wp-json\/wp\/v2\/types\/page"}],"author":[{"embeddable":true,"href":"https:\/\/stop-humantrafficking.com\/es\/wp-json\/wp\/v2\/users\/1"}],"replies":[{"embeddable":true,"href":"https:\/\/stop-humantrafficking.com\/es\/wp-json\/wp\/v2\/comments?post=146"}],"version-history":[{"count":7,"href":"https:\/\/stop-humantrafficking.com\/es\/wp-json\/wp\/v2\/pages\/146\/revisions"}],"predecessor-version":[{"id":493,"href":"https:\/\/stop-humantrafficking.com\/es\/wp-json\/wp\/v2\/pages\/146\/revisions\/493"}],"wp:attachment":[{"href":"https:\/\/stop-humantrafficking.com\/es\/wp-json\/wp\/v2\/media?parent=146"}],"curies":[{"name":"wp","href":"https:\/\/api.w.org\/{rel}","templated":true}]}}