{"id":14,"date":"2020-12-08T17:45:44","date_gmt":"2020-12-08T17:45:44","guid":{"rendered":"https:\/\/stop-humantrafficking.com\/?page_id=14"},"modified":"2021-01-13T16:32:29","modified_gmt":"2021-01-13T16:32:29","slug":"report-a-tip","status":"publish","type":"page","link":"https:\/\/stop-humantrafficking.com\/es\/report-a-tip\/","title":{"rendered":"Hacer una noticia"},"content":{"rendered":"<p class=\"has-medium-font-size\"><strong>Local \u2013 L\u00ednea directa U-I-END-HT (1-844-843-6348)<\/strong><\/p>\n\n\n\n<p>Si sospecha que usted u otra persona es v\u00edctima de la trata de personas, comun\u00edquese con el 911 para obtener informaci\u00f3n en tiempo real. Para problemas que no sean de emergencia, comun\u00edquese con 210-207-7273 para transmitir informaci\u00f3n o Crime Stoppers al 210-224-STOP (7861).<\/p>\n\n\n\n<p class=\"has-medium-font-size\"><strong>Aplicaci\u00f3n de la ley federal<\/strong><\/p>\n\n\n\n<p>1-866-347-2423 o la l\u00ednea directa nacional contra la trata de personas 1-888-373-7888 o env\u00ede un mensaje de texto con la palabra HELP o INFO a BeFree (233733) o <a href=\"https:\/\/www.fbi.gov\/tips\" target=\"_blank\" rel=\"noreferrer noopener\">haga clic aqu\u00ed<\/a>.<\/p>\n\n\n\n<p><\/p>","protected":false},"excerpt":{"rendered":"<p>Local \u2013 Hotline U-I-END-HT (1-844-843-6348) If you suspect that you or someone else is a victim of human trafficking, please contact 911 for any real time information. For non-emergency issues, please contact 210-207-7273 for relaying information or Crime Stoppers at 210-224-STOP (7861). Federal \u2013 Law Enforcement 1-866-347-2423 or National Human Trafficking Hotline 1-888-373-7888 or text HELP or INFO to BeFree (233733) or click here.<\/p>","protected":false},"author":1,"featured_media":23,"parent":0,"menu_order":0,"comment_status":"closed","ping_status":"closed","template":"template-full-width.php","meta":{"footnotes":""},"class_list":["post-14","page","type-page","status-publish","has-post-thumbnail","hentry"],"yoast_head":"<!-- This site is optimized with the Yoast SEO plugin v27.5 - https:\/\/yoast.com\/product\/yoast-seo-wordpress\/ -->\n<title>Report A Tip - STOP Human Trafficking<\/title>\n<meta name=\"robots\" content=\"index, follow, max-snippet:-1, max-image-preview:large, max-video-preview:-1\" \/>\n<link rel=\"canonical\" href=\"https:\/\/stop-humantrafficking.com\/es\/report-a-tip\/\" \/>\n<meta property=\"og:locale\" content=\"es_MX\" \/>\n<meta property=\"og:type\" content=\"article\" \/>\n<meta property=\"og:title\" content=\"Report A Tip - STOP Human Trafficking\" \/>\n<meta property=\"og:description\" content=\"Local \u2013 Hotline U-I-END-HT (1-844-843-6348) If you suspect that you or someone else is a victim of human trafficking, please contact 911 for any real time information. For non-emergency issues, please contact 210-207-7273 for relaying information or Crime Stoppers at 210-224-STOP (7861). Federal \u2013 Law Enforcement 1-866-347-2423 or National Human Trafficking Hotline 1-888-373-7888 or text HELP or INFO to BeFree (233733) or click here.\" \/>\n<meta property=\"og:url\" content=\"https:\/\/stop-humantrafficking.com\/es\/report-a-tip\/\" \/>\n<meta property=\"og:site_name\" content=\"STOP Human Trafficking\" \/>\n<meta property=\"article:modified_time\" content=\"2021-01-13T16:32:29+00:00\" \/>\n<meta property=\"og:image\" content=\"https:\/\/stop-humantrafficking.com\/wp-content\/uploads\/2020\/12\/tip.jpg\" \/>\n\t<meta property=\"og:image:width\" content=\"750\" \/>\n\t<meta property=\"og:image:height\" content=\"497\" \/>\n\t<meta property=\"og:image:type\" content=\"image\/jpeg\" \/>\n<meta name=\"twitter:card\" content=\"summary_large_image\" \/>\n<meta name=\"twitter:label1\" content=\"Tiempo de lectura\" \/>\n\t<meta name=\"twitter:data1\" content=\"1 minuto\" \/>\n<script type=\"application\/ld+json\" class=\"yoast-schema-graph\">{\"@context\":\"https:\\\/\\\/schema.org\",\"@graph\":[{\"@type\":\"WebPage\",\"@id\":\"https:\\\/\\\/stop-humantrafficking.com\\\/report-a-tip\\\/\",\"url\":\"https:\\\/\\\/stop-humantrafficking.com\\\/report-a-tip\\\/\",\"name\":\"Report A Tip - STOP Human Trafficking\",\"isPartOf\":{\"@id\":\"https:\\\/\\\/stop-humantrafficking.com\\\/#website\"},\"primaryImageOfPage\":{\"@id\":\"https:\\\/\\\/stop-humantrafficking.com\\\/report-a-tip\\\/#primaryimage\"},\"image\":{\"@id\":\"https:\\\/\\\/stop-humantrafficking.com\\\/report-a-tip\\\/#primaryimage\"},\"thumbnailUrl\":\"https:\\\/\\\/stop-humantrafficking.com\\\/wp-content\\\/uploads\\\/2020\\\/12\\\/tip.jpg\",\"datePublished\":\"2020-12-08T17:45:44+00:00\",\"dateModified\":\"2021-01-13T16:32:29+00:00\",\"breadcrumb\":{\"@id\":\"https:\\\/\\\/stop-humantrafficking.com\\\/report-a-tip\\\/#breadcrumb\"},\"inLanguage\":\"es\",\"potentialAction\":[{\"@type\":\"ReadAction\",\"target\":[\"https:\\\/\\\/stop-humantrafficking.com\\\/report-a-tip\\\/\"]}]},{\"@type\":\"ImageObject\",\"inLanguage\":\"es\",\"@id\":\"https:\\\/\\\/stop-humantrafficking.com\\\/report-a-tip\\\/#primaryimage\",\"url\":\"https:\\\/\\\/stop-humantrafficking.com\\\/wp-content\\\/uploads\\\/2020\\\/12\\\/tip.jpg\",\"contentUrl\":\"https:\\\/\\\/stop-humantrafficking.com\\\/wp-content\\\/uploads\\\/2020\\\/12\\\/tip.jpg\",\"width\":750,\"height\":497},{\"@type\":\"BreadcrumbList\",\"@id\":\"https:\\\/\\\/stop-humantrafficking.com\\\/report-a-tip\\\/#breadcrumb\",\"itemListElement\":[{\"@type\":\"ListItem\",\"position\":1,\"name\":\"Home\",\"item\":\"https:\\\/\\\/stop-humantrafficking.com\\\/\"},{\"@type\":\"ListItem\",\"position\":2,\"name\":\"Report A Tip\"}]},{\"@type\":\"WebSite\",\"@id\":\"https:\\\/\\\/stop-humantrafficking.com\\\/#website\",\"url\":\"https:\\\/\\\/stop-humantrafficking.com\\\/\",\"name\":\"STOP Human Trafficking\",\"description\":\"Look beneath the surface. The victim of trafficking may look like many of the people you see each day.\",\"publisher\":{\"@id\":\"https:\\\/\\\/stop-humantrafficking.com\\\/#organization\"},\"potentialAction\":[{\"@type\":\"SearchAction\",\"target\":{\"@type\":\"EntryPoint\",\"urlTemplate\":\"https:\\\/\\\/stop-humantrafficking.com\\\/?s={search_term_string}\"},\"query-input\":{\"@type\":\"PropertyValueSpecification\",\"valueRequired\":true,\"valueName\":\"search_term_string\"}}],\"inLanguage\":\"es\"},{\"@type\":\"Organization\",\"@id\":\"https:\\\/\\\/stop-humantrafficking.com\\\/#organization\",\"name\":\"STOP Human Trafficking\",\"url\":\"https:\\\/\\\/stop-humantrafficking.com\\\/\",\"logo\":{\"@type\":\"ImageObject\",\"inLanguage\":\"es\",\"@id\":\"https:\\\/\\\/stop-humantrafficking.com\\\/#\\\/schema\\\/logo\\\/image\\\/\",\"url\":\"https:\\\/\\\/stop-humantrafficking.com\\\/wp-content\\\/uploads\\\/2020\\\/12\\\/STOP-logo-01.png\",\"contentUrl\":\"https:\\\/\\\/stop-humantrafficking.com\\\/wp-content\\\/uploads\\\/2020\\\/12\\\/STOP-logo-01.png\",\"width\":533,\"height\":278,\"caption\":\"STOP Human Trafficking\"},\"image\":{\"@id\":\"https:\\\/\\\/stop-humantrafficking.com\\\/#\\\/schema\\\/logo\\\/image\\\/\"}}]}<\/script>\n<!-- \/ Yoast SEO plugin. -->","yoast_head_json":{"title":"Report A Tip - STOP Human Trafficking","robots":{"index":"index","follow":"follow","max-snippet":"max-snippet:-1","max-image-preview":"max-image-preview:large","max-video-preview":"max-video-preview:-1"},"canonical":"https:\/\/stop-humantrafficking.com\/es\/report-a-tip\/","og_locale":"es_MX","og_type":"article","og_title":"Report A Tip - STOP Human Trafficking","og_description":"Local \u2013 Hotline U-I-END-HT (1-844-843-6348) If you suspect that you or someone else is a victim of human trafficking, please contact 911 for any real time information. For non-emergency issues, please contact 210-207-7273 for relaying information or Crime Stoppers at 210-224-STOP (7861). Federal \u2013 Law Enforcement 1-866-347-2423 or National Human Trafficking Hotline 1-888-373-7888 or text HELP or INFO to BeFree (233733) or click here.","og_url":"https:\/\/stop-humantrafficking.com\/es\/report-a-tip\/","og_site_name":"STOP Human Trafficking","article_modified_time":"2021-01-13T16:32:29+00:00","og_image":[{"width":750,"height":497,"url":"https:\/\/stop-humantrafficking.com\/wp-content\/uploads\/2020\/12\/tip.jpg","type":"image\/jpeg"}],"twitter_card":"summary_large_image","twitter_misc":{"Tiempo de lectura":"1 minuto"},"schema":{"@context":"https:\/\/schema.org","@graph":[{"@type":"WebPage","@id":"https:\/\/stop-humantrafficking.com\/report-a-tip\/","url":"https:\/\/stop-humantrafficking.com\/report-a-tip\/","name":"Report A Tip - STOP Human Trafficking","isPartOf":{"@id":"https:\/\/stop-humantrafficking.com\/#website"},"primaryImageOfPage":{"@id":"https:\/\/stop-humantrafficking.com\/report-a-tip\/#primaryimage"},"image":{"@id":"https:\/\/stop-humantrafficking.com\/report-a-tip\/#primaryimage"},"thumbnailUrl":"https:\/\/stop-humantrafficking.com\/wp-content\/uploads\/2020\/12\/tip.jpg","datePublished":"2020-12-08T17:45:44+00:00","dateModified":"2021-01-13T16:32:29+00:00","breadcrumb":{"@id":"https:\/\/stop-humantrafficking.com\/report-a-tip\/#breadcrumb"},"inLanguage":"es","potentialAction":[{"@type":"ReadAction","target":["https:\/\/stop-humantrafficking.com\/report-a-tip\/"]}]},{"@type":"ImageObject","inLanguage":"es","@id":"https:\/\/stop-humantrafficking.com\/report-a-tip\/#primaryimage","url":"https:\/\/stop-humantrafficking.com\/wp-content\/uploads\/2020\/12\/tip.jpg","contentUrl":"https:\/\/stop-humantrafficking.com\/wp-content\/uploads\/2020\/12\/tip.jpg","width":750,"height":497},{"@type":"BreadcrumbList","@id":"https:\/\/stop-humantrafficking.com\/report-a-tip\/#breadcrumb","itemListElement":[{"@type":"ListItem","position":1,"name":"Home","item":"https:\/\/stop-humantrafficking.com\/"},{"@type":"ListItem","position":2,"name":"Report A Tip"}]},{"@type":"WebSite","@id":"https:\/\/stop-humantrafficking.com\/#website","url":"https:\/\/stop-humantrafficking.com\/","name":"ALTO a la trata de personas","description":"Mira debajo de la superficie. La v\u00edctima de la trata puede parecerse a muchas de las personas que vez cada d\u00eda.","publisher":{"@id":"https:\/\/stop-humantrafficking.com\/#organization"},"potentialAction":[{"@type":"SearchAction","target":{"@type":"EntryPoint","urlTemplate":"https:\/\/stop-humantrafficking.com\/?s={search_term_string}"},"query-input":{"@type":"PropertyValueSpecification","valueRequired":true,"valueName":"search_term_string"}}],"inLanguage":"es"},{"@type":"Organization","@id":"https:\/\/stop-humantrafficking.com\/#organization","name":"ALTO a la trata de personas","url":"https:\/\/stop-humantrafficking.com\/","logo":{"@type":"ImageObject","inLanguage":"es","@id":"https:\/\/stop-humantrafficking.com\/#\/schema\/logo\/image\/","url":"https:\/\/stop-humantrafficking.com\/wp-content\/uploads\/2020\/12\/STOP-logo-01.png","contentUrl":"https:\/\/stop-humantrafficking.com\/wp-content\/uploads\/2020\/12\/STOP-logo-01.png","width":533,"height":278,"caption":"STOP Human Trafficking"},"image":{"@id":"https:\/\/stop-humantrafficking.com\/#\/schema\/logo\/image\/"}}]}},"_links":{"self":[{"href":"https:\/\/stop-humantrafficking.com\/es\/wp-json\/wp\/v2\/pages\/14","targetHints":{"allow":["GET"]}}],"collection":[{"href":"https:\/\/stop-humantrafficking.com\/es\/wp-json\/wp\/v2\/pages"}],"about":[{"href":"https:\/\/stop-humantrafficking.com\/es\/wp-json\/wp\/v2\/types\/page"}],"author":[{"embeddable":true,"href":"https:\/\/stop-humantrafficking.com\/es\/wp-json\/wp\/v2\/users\/1"}],"replies":[{"embeddable":true,"href":"https:\/\/stop-humantrafficking.com\/es\/wp-json\/wp\/v2\/comments?post=14"}],"version-history":[{"count":13,"href":"https:\/\/stop-humantrafficking.com\/es\/wp-json\/wp\/v2\/pages\/14\/revisions"}],"predecessor-version":[{"id":374,"href":"https:\/\/stop-humantrafficking.com\/es\/wp-json\/wp\/v2\/pages\/14\/revisions\/374"}],"wp:featuredmedia":[{"embeddable":true,"href":"https:\/\/stop-humantrafficking.com\/es\/wp-json\/wp\/v2\/media\/23"}],"wp:attachment":[{"href":"https:\/\/stop-humantrafficking.com\/es\/wp-json\/wp\/v2\/media?parent=14"}],"curies":[{"name":"wp","href":"https:\/\/api.w.org\/{rel}","templated":true}]}}