{"id":10,"date":"2020-12-08T17:43:45","date_gmt":"2020-12-08T17:43:45","guid":{"rendered":"https:\/\/stop-humantrafficking.com\/?page_id=10"},"modified":"2021-01-08T18:39:15","modified_gmt":"2021-01-08T18:39:15","slug":"human-trafficking-indicators","status":"publish","type":"page","link":"https:\/\/stop-humantrafficking.com\/es\/human-trafficking-indicators\/","title":{"rendered":"Indicadores de la trata de personas"},"content":{"rendered":"<p>La trata de personas es esclavitud. T\u00edpicamente agrupado con el tr\u00e1fico laboral o sexual, la trata de personas es definida bajo la ley estatal, federal e internacional como el uso de la fuerza, el fraude o la coerci\u00f3n para obtener trabajo o sexo comercial de un adulto con fines de lucro. La carga de la prueba para fuerza, fraude o coerci\u00f3n no se necesita para cumplir con los est\u00e1ndares de la trata de personas de menores en la explotaci\u00f3n comercial del sexo o la subyugaci\u00f3n laboral. <\/p>\n\n\n\n<p>Es importante notar que la trata de personas ocurre en cada estado de los Estados Unidos e involucra a hombres y mujeres de todas edades. Cualquier y cada comunidad, raza o nacionalidad puede ser afectada. Puede suceder en cualquier comunidad y cualquiera raza o nacionalidad. La trata de personas tampoco requiere el movimiento a trav\u00e9s de una frontera o l\u00ednea. Desafortunadamente, puede ocurrir dentro de un hogar.<\/p>\n\n\n\n<p>Por favor tome un momento para ver los varios indicadores abajo. La mayor\u00eda de personas atrapadas en la trata de personas no pedir\u00e1n ayuda por ellos mismos. Necesitan que otras personas se den cuenta de su situaci\u00f3n para que puedan obtener la ayuda que necesitan.<\/p>\n\n\n\n<div id=\"section-ge945a2\" class=\"wp-block-gutentor-e6 section-ge945a2 gutentor-element gutentor-element-image\"><div class=\"gutentor-element-image-box\"><div class=\"gutentor-image-thumb\"><img decoding=\"async\" class=\"normal-image\" src=\"https:\/\/stop-humantrafficking.com\/wp-content\/uploads\/2020\/12\/nail-salon.jpeg\" \/><\/div><\/div><\/div>\n\n\n\n<p class=\"has-text-align-left\"><br>Factores de riesgo posibles asociados con la trata de ni\u00f1os incluyen lo siguiente:<\/p>\n\n\n\n<div class=\"wp-block-group\"><div class=\"wp-block-group__inner-container is-layout-flow wp-block-group-is-layout-flow\">\n<ul class=\"wp-block-list\"><li>la falta de seguridad personal<\/li><li>aislamiento<\/li><li>la angustia emocional<\/li><li>estar sin hogar<\/li><li>la pobreza<\/li><li>la disfunci\u00f3n familiar<\/li><li>el abuso de drogas<\/li><li>enfermedad mental<\/li><li>la dificultad de aprendizaje<\/li><li>una demora del desarrollo<\/li><li>el abuso sexual de la ni\u00f1ez<\/li><li>la promoci\u00f3n de la explotaci\u00f3n sexual por un miembro de familia o pares<\/li><li>la falta de apoyo social<\/li><\/ul>\n<\/div><\/div>\n\n\n\n<p>Los posibles indicadores de comportamiento de una v\u00edctima de trata sexual infantil incluyen, pero no se limitan a, los siguientes:<\/p>\n\n\n\n<ul class=\"wp-block-list\"><li>una inhabilidad para asistir a la escuela con frecuencia regular y\/o las ausencias inexplicadas<\/li><li>huyendo de casa frecuentemente<\/li><li>referencias a viaje frecuente a otras ciudades<\/li><li>moretones u otros signos de trauma f\u00edsico, comportamiento retirado, depresi\u00f3n, ansiedad, o miedo<\/li><li>falta de control sobre un horario personal y\/o documentos de identifcacion o de viaje<\/li><li>hambre, desnutrici\u00f3n o vestimenta inadecuada (seg\u00fan las condiciones clim\u00e1ticas o el entorno)<\/li><li>signos de adicci\u00f3n a las drogas<\/li><li>respuestas entrenados o ensayados a preguntas<\/li><li>un cambio repentino en la vestimenta, el comportamiento, las relaciones o las posesiones materiales (por ejemplo, art\u00edculos costosos)<\/li><li>promiscuidad inusual y\/o referencias a situaciones sexuales o terminolog\u00eda m\u00e1s all\u00e1 de las normas espec\u00edficas de la edad<\/li><li>un \u201cnovio\u201d o una \u201cnovia\u201d quien es notablemente m\u00e1s mayor y\/o controlador<\/li><li>un intento de esconder cicatrices, tatuajes o moretones<\/li><li>un cambio repentino en la atenci\u00f3n a la higiene personal<\/li><li>tatuajes (una forma de marca) que muestran el nombre o el apodo de un traficante, como \"papi\"<\/li><li>hiperactividad o s\u00edntomas de ira, p\u00e1nico, fobia, irritabilidad, hiperactividad, llanto frecuente, rabietas, comportamiento regresivo y\/o comportamiento aferrado<\/li><li>hiperactividad o s\u00edntomas de so\u00f1ar despierto, incapacidad para vincularse con los dem\u00e1s, falta de atenci\u00f3n, olvido y\/o timidez<\/li><\/ul>\n\n\n\n<p>Indicadores de comportamiento adicionales para la trata laboral incluyen los siguientes:<\/p>\n\n\n\n<ul class=\"wp-block-list\"><li>siendo no pagado, pagado muy poco, o pagado solo por propinas<\/li><li>estar empleado, pero no tener un permiso de trabajo autorizado por la escuela<\/li><li>estar empleado y tener un permiso de trabajo, pero claramente est\u00e1 trabajando fuera de las horas permitidas<\/li><li>tener una gran deuda y no poder pagarla<\/li><li>no tener descansos en el trabajo o estar sujeto a horas de trabajo excesivamente largas<\/li><li>estar demasiado preocupado por complacer a un empleador y \/ o diferir decisiones personales o educativas a un jefe<\/li><li>no estar en control de su propio dinero<\/li><li>viviendo con un empleador o tener un empleador listado como el cuidador de un estudiante<\/li><li>un deseo de dejar un trabajo, pero no se le permite hacerlo<\/li><\/ul>\n\n\n\n<div class=\"wp-block-buttons is-layout-flex wp-block-buttons-is-layout-flex\">\n<div class=\"wp-block-button\"><a class=\"wp-block-button__link has-white-color has-vivid-red-background-color has-text-color has-background\" href=\"https:\/\/humantraffickinghotline.org\/sites\/default\/files\/General Human Trafficking Indicator Cards.pdf\" target=\"_blank\" rel=\"https:\/\/humantraffickinghotline.org\/sites\/default\/files\/General Human Trafficking Indicator Cards.pdf noopener\">Descargar tarjeta<\/a><\/div>\n<\/div>","protected":false},"excerpt":{"rendered":"<p>Human trafficking is slavery. Typically lumped into labor or sex trafficking, it is defined under both state, federal and international law as the use of force, fraud or coercion to obtain labor or commercial sex from an adult for gain or profit.&nbsp;The burden of proof for force, fraud or coercion are not required to meet the human trafficking standards for minors in either labor or [&hellip;]<\/p>\n","protected":false},"author":1,"featured_media":130,"parent":0,"menu_order":0,"comment_status":"closed","ping_status":"closed","template":"","meta":{"footnotes":""},"class_list":["post-10","page","type-page","status-publish","has-post-thumbnail","hentry"],"yoast_head":"<!-- This site is optimized with the Yoast SEO plugin v27.3 - https:\/\/yoast.com\/product\/yoast-seo-wordpress\/ -->\n<title>Human Trafficking Indicators - STOP Human Trafficking<\/title>\n<meta name=\"robots\" content=\"index, follow, max-snippet:-1, max-image-preview:large, max-video-preview:-1\" \/>\n<link rel=\"canonical\" href=\"https:\/\/stop-humantrafficking.com\/es\/human-trafficking-indicators\/\" \/>\n<meta property=\"og:locale\" content=\"es_MX\" \/>\n<meta property=\"og:type\" content=\"article\" \/>\n<meta property=\"og:title\" content=\"Human Trafficking Indicators - STOP Human Trafficking\" \/>\n<meta property=\"og:description\" content=\"Human trafficking is slavery. Typically lumped into labor or sex trafficking, it is defined under both state, federal and international law as the use of force, fraud or coercion to obtain labor or commercial sex from an adult for gain or profit.&nbsp;The burden of proof for force, fraud or coercion are not required to meet the human trafficking standards for minors in either labor or [&hellip;]\" \/>\n<meta property=\"og:url\" content=\"https:\/\/stop-humantrafficking.com\/es\/human-trafficking-indicators\/\" \/>\n<meta property=\"og:site_name\" content=\"STOP Human Trafficking\" \/>\n<meta property=\"article:modified_time\" content=\"2021-01-08T18:39:15+00:00\" \/>\n<meta property=\"og:image\" content=\"https:\/\/stop-humantrafficking.com\/wp-content\/uploads\/2020\/12\/cropped-home-page-banner.jpg\" \/>\n\t<meta property=\"og:image:width\" content=\"1200\" \/>\n\t<meta property=\"og:image:height\" content=\"375\" \/>\n\t<meta property=\"og:image:type\" content=\"image\/jpeg\" \/>\n<meta name=\"twitter:card\" content=\"summary_large_image\" \/>\n<meta name=\"twitter:label1\" content=\"Tiempo de lectura\" \/>\n\t<meta name=\"twitter:data1\" content=\"2 minutos\" \/>\n<script type=\"application\/ld+json\" class=\"yoast-schema-graph\">{\"@context\":\"https:\\\/\\\/schema.org\",\"@graph\":[{\"@type\":\"WebPage\",\"@id\":\"https:\\\/\\\/stop-humantrafficking.com\\\/es\\\/human-trafficking-indicators\\\/\",\"url\":\"https:\\\/\\\/stop-humantrafficking.com\\\/es\\\/human-trafficking-indicators\\\/\",\"name\":\"Human Trafficking Indicators - STOP Human Trafficking\",\"isPartOf\":{\"@id\":\"https:\\\/\\\/stop-humantrafficking.com\\\/#website\"},\"primaryImageOfPage\":{\"@id\":\"https:\\\/\\\/stop-humantrafficking.com\\\/es\\\/human-trafficking-indicators\\\/#primaryimage\"},\"image\":{\"@id\":\"https:\\\/\\\/stop-humantrafficking.com\\\/es\\\/human-trafficking-indicators\\\/#primaryimage\"},\"thumbnailUrl\":\"https:\\\/\\\/stop-humantrafficking.com\\\/wp-content\\\/uploads\\\/2020\\\/12\\\/cropped-home-page-banner.jpg\",\"datePublished\":\"2020-12-08T17:43:45+00:00\",\"dateModified\":\"2021-01-08T18:39:15+00:00\",\"breadcrumb\":{\"@id\":\"https:\\\/\\\/stop-humantrafficking.com\\\/es\\\/human-trafficking-indicators\\\/#breadcrumb\"},\"inLanguage\":\"es\",\"potentialAction\":[{\"@type\":\"ReadAction\",\"target\":[\"https:\\\/\\\/stop-humantrafficking.com\\\/es\\\/human-trafficking-indicators\\\/\"]}]},{\"@type\":\"ImageObject\",\"inLanguage\":\"es\",\"@id\":\"https:\\\/\\\/stop-humantrafficking.com\\\/es\\\/human-trafficking-indicators\\\/#primaryimage\",\"url\":\"https:\\\/\\\/stop-humantrafficking.com\\\/wp-content\\\/uploads\\\/2020\\\/12\\\/cropped-home-page-banner.jpg\",\"contentUrl\":\"https:\\\/\\\/stop-humantrafficking.com\\\/wp-content\\\/uploads\\\/2020\\\/12\\\/cropped-home-page-banner.jpg\",\"width\":1200,\"height\":375},{\"@type\":\"BreadcrumbList\",\"@id\":\"https:\\\/\\\/stop-humantrafficking.com\\\/es\\\/human-trafficking-indicators\\\/#breadcrumb\",\"itemListElement\":[{\"@type\":\"ListItem\",\"position\":1,\"name\":\"Home\",\"item\":\"https:\\\/\\\/stop-humantrafficking.com\\\/\"},{\"@type\":\"ListItem\",\"position\":2,\"name\":\"Human Trafficking Indicators\"}]},{\"@type\":\"WebSite\",\"@id\":\"https:\\\/\\\/stop-humantrafficking.com\\\/#website\",\"url\":\"https:\\\/\\\/stop-humantrafficking.com\\\/\",\"name\":\"STOP Human Trafficking\",\"description\":\"Look beneath the surface. The victim of trafficking may look like many of the people you see each day.\",\"publisher\":{\"@id\":\"https:\\\/\\\/stop-humantrafficking.com\\\/#organization\"},\"potentialAction\":[{\"@type\":\"SearchAction\",\"target\":{\"@type\":\"EntryPoint\",\"urlTemplate\":\"https:\\\/\\\/stop-humantrafficking.com\\\/?s={search_term_string}\"},\"query-input\":{\"@type\":\"PropertyValueSpecification\",\"valueRequired\":true,\"valueName\":\"search_term_string\"}}],\"inLanguage\":\"es\"},{\"@type\":\"Organization\",\"@id\":\"https:\\\/\\\/stop-humantrafficking.com\\\/#organization\",\"name\":\"STOP Human Trafficking\",\"url\":\"https:\\\/\\\/stop-humantrafficking.com\\\/\",\"logo\":{\"@type\":\"ImageObject\",\"inLanguage\":\"es\",\"@id\":\"https:\\\/\\\/stop-humantrafficking.com\\\/#\\\/schema\\\/logo\\\/image\\\/\",\"url\":\"https:\\\/\\\/stop-humantrafficking.com\\\/wp-content\\\/uploads\\\/2020\\\/12\\\/STOP-logo-01.png\",\"contentUrl\":\"https:\\\/\\\/stop-humantrafficking.com\\\/wp-content\\\/uploads\\\/2020\\\/12\\\/STOP-logo-01.png\",\"width\":533,\"height\":278,\"caption\":\"STOP Human Trafficking\"},\"image\":{\"@id\":\"https:\\\/\\\/stop-humantrafficking.com\\\/#\\\/schema\\\/logo\\\/image\\\/\"}}]}<\/script>\n<!-- \/ Yoast SEO plugin. -->","yoast_head_json":{"title":"Human Trafficking Indicators - STOP Human Trafficking","robots":{"index":"index","follow":"follow","max-snippet":"max-snippet:-1","max-image-preview":"max-image-preview:large","max-video-preview":"max-video-preview:-1"},"canonical":"https:\/\/stop-humantrafficking.com\/es\/human-trafficking-indicators\/","og_locale":"es_MX","og_type":"article","og_title":"Human Trafficking Indicators - STOP Human Trafficking","og_description":"Human trafficking is slavery. Typically lumped into labor or sex trafficking, it is defined under both state, federal and international law as the use of force, fraud or coercion to obtain labor or commercial sex from an adult for gain or profit.&nbsp;The burden of proof for force, fraud or coercion are not required to meet the human trafficking standards for minors in either labor or [&hellip;]","og_url":"https:\/\/stop-humantrafficking.com\/es\/human-trafficking-indicators\/","og_site_name":"STOP Human Trafficking","article_modified_time":"2021-01-08T18:39:15+00:00","og_image":[{"width":1200,"height":375,"url":"https:\/\/stop-humantrafficking.com\/wp-content\/uploads\/2020\/12\/cropped-home-page-banner.jpg","type":"image\/jpeg"}],"twitter_card":"summary_large_image","twitter_misc":{"Tiempo de lectura":"2 minutos"},"schema":{"@context":"https:\/\/schema.org","@graph":[{"@type":"WebPage","@id":"https:\/\/stop-humantrafficking.com\/es\/human-trafficking-indicators\/","url":"https:\/\/stop-humantrafficking.com\/es\/human-trafficking-indicators\/","name":"Human Trafficking Indicators - STOP Human Trafficking","isPartOf":{"@id":"https:\/\/stop-humantrafficking.com\/#website"},"primaryImageOfPage":{"@id":"https:\/\/stop-humantrafficking.com\/es\/human-trafficking-indicators\/#primaryimage"},"image":{"@id":"https:\/\/stop-humantrafficking.com\/es\/human-trafficking-indicators\/#primaryimage"},"thumbnailUrl":"https:\/\/stop-humantrafficking.com\/wp-content\/uploads\/2020\/12\/cropped-home-page-banner.jpg","datePublished":"2020-12-08T17:43:45+00:00","dateModified":"2021-01-08T18:39:15+00:00","breadcrumb":{"@id":"https:\/\/stop-humantrafficking.com\/es\/human-trafficking-indicators\/#breadcrumb"},"inLanguage":"es","potentialAction":[{"@type":"ReadAction","target":["https:\/\/stop-humantrafficking.com\/es\/human-trafficking-indicators\/"]}]},{"@type":"ImageObject","inLanguage":"es","@id":"https:\/\/stop-humantrafficking.com\/es\/human-trafficking-indicators\/#primaryimage","url":"https:\/\/stop-humantrafficking.com\/wp-content\/uploads\/2020\/12\/cropped-home-page-banner.jpg","contentUrl":"https:\/\/stop-humantrafficking.com\/wp-content\/uploads\/2020\/12\/cropped-home-page-banner.jpg","width":1200,"height":375},{"@type":"BreadcrumbList","@id":"https:\/\/stop-humantrafficking.com\/es\/human-trafficking-indicators\/#breadcrumb","itemListElement":[{"@type":"ListItem","position":1,"name":"Home","item":"https:\/\/stop-humantrafficking.com\/"},{"@type":"ListItem","position":2,"name":"Human Trafficking Indicators"}]},{"@type":"WebSite","@id":"https:\/\/stop-humantrafficking.com\/#website","url":"https:\/\/stop-humantrafficking.com\/","name":"ALTO a la trata de personas","description":"Mira debajo de la superficie. La v\u00edctima de la trata puede parecerse a muchas de las personas que vez cada d\u00eda.","publisher":{"@id":"https:\/\/stop-humantrafficking.com\/#organization"},"potentialAction":[{"@type":"SearchAction","target":{"@type":"EntryPoint","urlTemplate":"https:\/\/stop-humantrafficking.com\/?s={search_term_string}"},"query-input":{"@type":"PropertyValueSpecification","valueRequired":true,"valueName":"search_term_string"}}],"inLanguage":"es"},{"@type":"Organization","@id":"https:\/\/stop-humantrafficking.com\/#organization","name":"ALTO a la trata de personas","url":"https:\/\/stop-humantrafficking.com\/","logo":{"@type":"ImageObject","inLanguage":"es","@id":"https:\/\/stop-humantrafficking.com\/#\/schema\/logo\/image\/","url":"https:\/\/stop-humantrafficking.com\/wp-content\/uploads\/2020\/12\/STOP-logo-01.png","contentUrl":"https:\/\/stop-humantrafficking.com\/wp-content\/uploads\/2020\/12\/STOP-logo-01.png","width":533,"height":278,"caption":"STOP Human Trafficking"},"image":{"@id":"https:\/\/stop-humantrafficking.com\/#\/schema\/logo\/image\/"}}]}},"_links":{"self":[{"href":"https:\/\/stop-humantrafficking.com\/es\/wp-json\/wp\/v2\/pages\/10","targetHints":{"allow":["GET"]}}],"collection":[{"href":"https:\/\/stop-humantrafficking.com\/es\/wp-json\/wp\/v2\/pages"}],"about":[{"href":"https:\/\/stop-humantrafficking.com\/es\/wp-json\/wp\/v2\/types\/page"}],"author":[{"embeddable":true,"href":"https:\/\/stop-humantrafficking.com\/es\/wp-json\/wp\/v2\/users\/1"}],"replies":[{"embeddable":true,"href":"https:\/\/stop-humantrafficking.com\/es\/wp-json\/wp\/v2\/comments?post=10"}],"version-history":[{"count":13,"href":"https:\/\/stop-humantrafficking.com\/es\/wp-json\/wp\/v2\/pages\/10\/revisions"}],"predecessor-version":[{"id":369,"href":"https:\/\/stop-humantrafficking.com\/es\/wp-json\/wp\/v2\/pages\/10\/revisions\/369"}],"wp:featuredmedia":[{"embeddable":true,"href":"https:\/\/stop-humantrafficking.com\/es\/wp-json\/wp\/v2\/media\/130"}],"wp:attachment":[{"href":"https:\/\/stop-humantrafficking.com\/es\/wp-json\/wp\/v2\/media?parent=10"}],"curies":[{"name":"wp","href":"https:\/\/api.w.org\/{rel}","templated":true}]}}